{"id":108,"date":"2023-04-24T21:41:36","date_gmt":"2023-04-24T21:41:36","guid":{"rendered":"https:\/\/websis.lv\/?page_id=108"},"modified":"2023-04-24T21:41:36","modified_gmt":"2023-04-24T21:41:36","slug":"citi-pakalpojumi","status":"publish","type":"page","link":"https:\/\/websis.lv\/?page_id=108","title":{"rendered":"Citi pakalpojumi"},"content":{"rendered":"\n<h2 class=\"wp-block-heading\">Citi pakalpojumi<\/h2>\n\n\n\n<p><ul>\n<li><mark style=\"background-color:rgba(0, 0, 0, 0)\" class=\"has-inline-color has-zeever-secondary-color\">Landing lapu izstr\u0101de\n<li><mark style=\"background-color:rgba(0, 0, 0, 0)\" class=\"has-inline-color has-zeever-secondary-color\">API sist\u0113mu integr\u0101cija\n<\/ul>\n<\/p>\n","protected":false},"excerpt":{"rendered":"<p>Citi pakalpojumi Landing lapu izstr\u0101de API sist\u0113mu integr\u0101cija<\/p>\n","protected":false},"author":1,"featured_media":0,"parent":0,"menu_order":0,"comment_status":"closed","ping_status":"closed","template":"","meta":{"footnotes":""},"class_list":["post-108","page","type-page","status-publish","hentry"],"_links":{"self":[{"href":"https:\/\/websis.lv\/index.php?rest_route=\/wp\/v2\/pages\/108","targetHints":{"allow":["GET"]}}],"collection":[{"href":"https:\/\/websis.lv\/index.php?rest_route=\/wp\/v2\/pages"}],"about":[{"href":"https:\/\/websis.lv\/index.php?rest_route=\/wp\/v2\/types\/page"}],"author":[{"embeddable":true,"href":"https:\/\/websis.lv\/index.php?rest_route=\/wp\/v2\/users\/1"}],"replies":[{"embeddable":true,"href":"https:\/\/websis.lv\/index.php?rest_route=%2Fwp%2Fv2%2Fcomments&post=108"}],"version-history":[{"count":1,"href":"https:\/\/websis.lv\/index.php?rest_route=\/wp\/v2\/pages\/108\/revisions"}],"predecessor-version":[{"id":109,"href":"https:\/\/websis.lv\/index.php?rest_route=\/wp\/v2\/pages\/108\/revisions\/109"}],"wp:attachment":[{"href":"https:\/\/websis.lv\/index.php?rest_route=%2Fwp%2Fv2%2Fmedia&parent=108"}],"curies":[{"name":"wp","href":"https:\/\/api.w.org\/{rel}","templated":true}]}}