{"id":52,"date":"2023-04-24T19:52:09","date_gmt":"2023-04-24T19:52:09","guid":{"rendered":"https:\/\/websis.lv\/?page_id=52"},"modified":"2023-04-24T21:17:53","modified_gmt":"2023-04-24T21:17:53","slug":"klienta-autorizacija","status":"publish","type":"page","link":"https:\/\/websis.lv\/?page_id=52","title":{"rendered":"Klienta autoriz\u0101cija"},"content":{"rendered":"\n<h2 class=\"wp-block-heading\">Klienta autoriz\u0101cija<\/h2>\n\n\n\n<p>J\u016bsu t\u012bmek\u013ca vietnei ir savs past\u0101v\u012bgo klientu loks, kuri, izmantojot lietoja v\u0101rdu un paroli, piek\u013c\u016bst<br>noteikt\u0101m sada\u013c\u0101m vai iesp\u0113j\u0101m? Nelieciet saviem klientiem atcer\u0113ties savus pieejas rekviz\u012btus. SmartID<br>risin\u0101jums nodro\u0161ina divfaktoru autoriz\u0101ciju, un klientam b\u016bs nepiecie\u0161ams zin\u0101t tikai savu personas<br>kodu, k\u0101 ar\u012b SmartID PIN kodu, ko ievad\u012bt sav\u0101 t\u0101lrun\u012b. Dro\u0161i un vienk\u0101r\u0161i.<\/p>\n","protected":false},"excerpt":{"rendered":"<p>Klienta autoriz\u0101cija J\u016bsu t\u012bmek\u013ca vietnei ir savs past\u0101v\u012bgo klientu loks, kuri, izmantojot lietoja v\u0101rdu un paroli, piek\u013c\u016bstnoteikt\u0101m sada\u013c\u0101m vai iesp\u0113j\u0101m? Nelieciet saviem klientiem atcer\u0113ties savus pieejas rekviz\u012btus. SmartIDrisin\u0101jums nodro\u0161ina divfaktoru autoriz\u0101ciju, un klientam b\u016bs nepiecie\u0161ams zin\u0101t tikai savu personaskodu, k\u0101 ar\u012b SmartID PIN kodu, ko ievad\u012bt sav\u0101 t\u0101lrun\u012b. Dro\u0161i un vienk\u0101r\u0161i.<\/p>\n","protected":false},"author":1,"featured_media":0,"parent":0,"menu_order":0,"comment_status":"closed","ping_status":"closed","template":"","meta":{"footnotes":""},"class_list":["post-52","page","type-page","status-publish","hentry"],"_links":{"self":[{"href":"https:\/\/websis.lv\/index.php?rest_route=\/wp\/v2\/pages\/52","targetHints":{"allow":["GET"]}}],"collection":[{"href":"https:\/\/websis.lv\/index.php?rest_route=\/wp\/v2\/pages"}],"about":[{"href":"https:\/\/websis.lv\/index.php?rest_route=\/wp\/v2\/types\/page"}],"author":[{"embeddable":true,"href":"https:\/\/websis.lv\/index.php?rest_route=\/wp\/v2\/users\/1"}],"replies":[{"embeddable":true,"href":"https:\/\/websis.lv\/index.php?rest_route=%2Fwp%2Fv2%2Fcomments&post=52"}],"version-history":[{"count":5,"href":"https:\/\/websis.lv\/index.php?rest_route=\/wp\/v2\/pages\/52\/revisions"}],"predecessor-version":[{"id":91,"href":"https:\/\/websis.lv\/index.php?rest_route=\/wp\/v2\/pages\/52\/revisions\/91"}],"wp:attachment":[{"href":"https:\/\/websis.lv\/index.php?rest_route=%2Fwp%2Fv2%2Fmedia&parent=52"}],"curies":[{"name":"wp","href":"https:\/\/api.w.org\/{rel}","templated":true}]}}