{"id":54,"date":"2023-04-24T19:56:06","date_gmt":"2023-04-24T19:56:06","guid":{"rendered":"https:\/\/websis.lv\/?page_id=54"},"modified":"2023-04-24T20:59:45","modified_gmt":"2023-04-24T20:59:45","slug":"platformas-un-skaidrojumi","status":"publish","type":"page","link":"https:\/\/websis.lv\/?page_id=54","title":{"rendered":"Platformas un skaidrojumi"},"content":{"rendered":"\n<h2 class=\"wp-block-heading\">Platformas<\/h2>\n\n\n\n<p>Uz \u0161o br\u012bdi esam izstr\u0101d\u0101ju\u0161i risin\u0101jumus un iestr\u0101des uz sekojo\u0161\u0101m platform\u0101m vai satura vad\u012bbas\nsist\u0113m\u0101m \/ e-komercijas risin\u0101jumiem.<\/p><ul>\n<li><mark style=\"background-color:rgba(0, 0, 0, 0)\" class=\"has-inline-color has-zeever-secondary-color\">WordPress \/ WooCommerce\n<li><mark style=\"background-color:rgba(0, 0, 0, 0)\" class=\"has-inline-color has-zeever-secondary-color\">Magento\n<li><mark style=\"background-color:rgba(0, 0, 0, 0)\" class=\"has-inline-color has-zeever-secondary-color\">Shopify\n<li><mark style=\"background-color:rgba(0, 0, 0, 0)\" class=\"has-inline-color has-zeever-secondary-color\">OpenCart\n<li><mark style=\"background-color:rgba(0, 0, 0, 0)\" class=\"has-inline-color has-zeever-secondary-color\">Prestashop\n<li><mark style=\"background-color:rgba(0, 0, 0, 0)\" class=\"has-inline-color has-zeever-secondary-color\">Laravel\n<li><mark style=\"background-color:rgba(0, 0, 0, 0)\" class=\"has-inline-color has-zeever-secondary-color\">Symfony<\/ul>\n<p>Katr\u0101 projekt\u0101 pieeja ir individu\u0101la un risin\u0101jums tiek piel\u0101gots konkr\u0113t\u0101 klienta vajadz\u012bb\u0101m.\n\n\n\n<h2 class=\"wp-block-heading\">Skaidrojumi<\/h2>\n\n\n\n<p><mark style=\"background-color:rgba(0, 0, 0, 0)\" class=\"has-inline-color has-zeever-secondary-color\">CES<\/mark> \u2013 sertific\u0113ts elektroniskais paraksts. SK ID Solutions izstr\u0101d\u0101tais risin\u0101jums SmartID ir sertific\u0113ts<br>elektroniskais paraksts vis\u0101 Eiropas Savien\u012bb\u0101. Tom\u0113r \u0161obr\u012bd SmartID risin\u0101jumu var izmantot tikai<br>Baltijas valstu rezidenti, kam ir konts k\u0101d\u0101 no Baltij\u0101 sertific\u0113t\u0101m bank\u0101m.<br><mark style=\"background-color:rgba(0, 0, 0, 0)\" class=\"has-inline-color has-zeever-secondary-color\">Autentifik\u0101cija<\/mark> &#8211; att\u0101lin\u0101ts k\u0101das personas atpaz\u012b\u0161anas process. Autentifik\u0101cija noskaidro, vai Tu esi t\u0101<br>persona, par ko uzdodies.<br><mark style=\"background-color:rgba(0, 0, 0, 0)\" class=\"has-inline-color has-zeever-secondary-color\">Autoriz\u0101cija<\/mark> \u2013 personas autentifik\u0101cija ar tai sekojo\u0161u piek\u013cuves ties\u012bbu pie\u0161\u0137ir\u0161ana konkr\u0113tiem sist\u0113mas<br>resursiem un funkcionalit\u0101tei.<\/p>\n","protected":false},"excerpt":{"rendered":"<p>Platformas Uz \u0161o br\u012bdi esam izstr\u0101d\u0101ju\u0161i risin\u0101jumus un iestr\u0101des uz sekojo\u0161\u0101m platform\u0101m vai satura vad\u012bbas sist\u0113m\u0101m \/ e-komercijas risin\u0101jumiem. WordPress \/ WooCommerce Magento Shopify OpenCart Prestashop Laravel Symfony Katr\u0101 projekt\u0101 pieeja ir individu\u0101la un risin\u0101jums tiek piel\u0101gots konkr\u0113t\u0101 klienta vajadz\u012bb\u0101m. Skaidrojumi CES \u2013 sertific\u0113ts elektroniskais paraksts. SK ID Solutions izstr\u0101d\u0101tais risin\u0101jums SmartID ir sertific\u0113tselektroniskais paraksts vis\u0101 Eiropas Savien\u012bb\u0101. Tom\u0113r \u0161obr\u012bd SmartID risin\u0101jumu var izmantot tikaiBaltijas valstu rezidenti, kam ir konts k\u0101d\u0101 no Baltij\u0101 sertific\u0113t\u0101m bank\u0101m.Autentifik\u0101cija &#8211; att\u0101lin\u0101ts k\u0101das personas atpaz\u012b\u0161anas process. Autentifik\u0101cija noskaidro, vai Tu esi t\u0101persona, par ko uzdodies.Autoriz\u0101cija \u2013 personas autentifik\u0101cija ar tai sekojo\u0161u piek\u013cuves ties\u012bbu pie\u0161\u0137ir\u0161ana konkr\u0113tiem<\/p>\n","protected":false},"author":1,"featured_media":0,"parent":0,"menu_order":0,"comment_status":"closed","ping_status":"closed","template":"","meta":{"footnotes":""},"class_list":["post-54","page","type-page","status-publish","hentry"],"_links":{"self":[{"href":"https:\/\/websis.lv\/index.php?rest_route=\/wp\/v2\/pages\/54","targetHints":{"allow":["GET"]}}],"collection":[{"href":"https:\/\/websis.lv\/index.php?rest_route=\/wp\/v2\/pages"}],"about":[{"href":"https:\/\/websis.lv\/index.php?rest_route=\/wp\/v2\/types\/page"}],"author":[{"embeddable":true,"href":"https:\/\/websis.lv\/index.php?rest_route=\/wp\/v2\/users\/1"}],"replies":[{"embeddable":true,"href":"https:\/\/websis.lv\/index.php?rest_route=%2Fwp%2Fv2%2Fcomments&post=54"}],"version-history":[{"count":7,"href":"https:\/\/websis.lv\/index.php?rest_route=\/wp\/v2\/pages\/54\/revisions"}],"predecessor-version":[{"id":87,"href":"https:\/\/websis.lv\/index.php?rest_route=\/wp\/v2\/pages\/54\/revisions\/87"}],"wp:attachment":[{"href":"https:\/\/websis.lv\/index.php?rest_route=%2Fwp%2Fv2%2Fmedia&parent=54"}],"curies":[{"name":"wp","href":"https:\/\/api.w.org\/{rel}","templated":true}]}}