{"id":56,"date":"2023-04-24T19:56:36","date_gmt":"2023-04-24T19:56:36","guid":{"rendered":"https:\/\/websis.lv\/?page_id=56"},"modified":"2023-04-24T21:17:16","modified_gmt":"2023-04-24T21:17:16","slug":"ieviesanas-process","status":"publish","type":"page","link":"https:\/\/websis.lv\/?page_id=56","title":{"rendered":"Ievie\u0161anas process"},"content":{"rendered":"\n<h2 class=\"wp-block-heading\">Ievie\u0161anas process<\/h2>\n\n\n\n<p>Ievie\u0161anas process standarta risin\u0101jumos var notikt divos veidos:<br>\n1) Pas\u016bt\u012bt\u0101js nodro\u0161ina mums piek\u013cuvi pie sava Interneta risin\u0101juma testa vides. M\u0113s veicam pilnu\nSmart ID modu\u013ca uzst\u0101d\u012b\u0161anu, konfigur\u0113\u0161anu un test\u0113\u0161anu. Nodro\u0161in\u0101m ar konsult\u0101cij\u0101m t\u0101l\u0101kai\nmodu\u013ca konfigur\u0113\u0161anai, ja t\u0101da b\u016bs nepiecie\u0161ama;<br>\n2) M\u0113s sagatavojam uzst\u0101d\u012b\u0161anas un konfigur\u0113\u0161anas instrukciju, ko kop\u0101 ar nepiecie\u0161amaj\u0101m\nmodu\u013ca datn\u0113m nos\u016btam pas\u016bt\u012bt\u0101jam. Nepiecie\u0161am\u012bbas gad\u012bjum\u0101 sniedzam konsult\u0101cijas.\nPie standarta risin\u0101jumiem pieskait\u0101mas sekojo\u0161as e-komercijas platformas:<\/p><ul>\n<li><mark style=\"background-color:rgba(0, 0, 0, 0)\" class=\"has-inline-color has-zeever-secondary-color\">WooCommerce (WordPress);\n<li><mark style=\"background-color:rgba(0, 0, 0, 0)\" class=\"has-inline-color has-zeever-secondary-color\">Magento;\n<li><mark style=\"background-color:rgba(0, 0, 0, 0)\" class=\"has-inline-color has-zeever-secondary-color\">Prestashop;\n<li><mark style=\"background-color:rgba(0, 0, 0, 0)\" class=\"has-inline-color has-zeever-secondary-color\">OpenCart.<\/ul>\n<p>Nestandarta risin\u0101jumiem ievie\u0161ana tiek saska\u0146ota individu\u0101li, atkar\u012bb\u0101 no pras\u012bbu sare\u017e\u0123\u012bt\u012bbas pak\u0101pes\npas\u016bt\u012bt\u0101ja puses gatav\u012bbu iesaist\u012bties ievie\u0161anas proces\u0101 u.tml.<\/p>\n","protected":false},"excerpt":{"rendered":"<p>Ievie\u0161anas process Ievie\u0161anas process standarta risin\u0101jumos var notikt divos veidos: 1) Pas\u016bt\u012bt\u0101js nodro\u0161ina mums piek\u013cuvi pie sava Interneta risin\u0101juma testa vides. M\u0113s veicam pilnu Smart ID modu\u013ca uzst\u0101d\u012b\u0161anu, konfigur\u0113\u0161anu un test\u0113\u0161anu. Nodro\u0161in\u0101m ar konsult\u0101cij\u0101m t\u0101l\u0101kai modu\u013ca konfigur\u0113\u0161anai, ja t\u0101da b\u016bs nepiecie\u0161ama; 2) M\u0113s sagatavojam uzst\u0101d\u012b\u0161anas un konfigur\u0113\u0161anas instrukciju, ko kop\u0101 ar nepiecie\u0161amaj\u0101m modu\u013ca datn\u0113m nos\u016btam pas\u016bt\u012bt\u0101jam. Nepiecie\u0161am\u012bbas gad\u012bjum\u0101 sniedzam konsult\u0101cijas. Pie standarta risin\u0101jumiem pieskait\u0101mas sekojo\u0161as e-komercijas platformas: WooCommerce (WordPress); Magento; Prestashop; OpenCart. Nestandarta risin\u0101jumiem ievie\u0161ana tiek saska\u0146ota individu\u0101li, atkar\u012bb\u0101 no pras\u012bbu sare\u017e\u0123\u012bt\u012bbas pak\u0101pes pas\u016bt\u012bt\u0101ja puses gatav\u012bbu iesaist\u012bties ievie\u0161anas proces\u0101 u.tml.<\/p>\n","protected":false},"author":1,"featured_media":0,"parent":0,"menu_order":0,"comment_status":"closed","ping_status":"closed","template":"","meta":{"footnotes":""},"class_list":["post-56","page","type-page","status-publish","hentry"],"_links":{"self":[{"href":"https:\/\/websis.lv\/index.php?rest_route=\/wp\/v2\/pages\/56","targetHints":{"allow":["GET"]}}],"collection":[{"href":"https:\/\/websis.lv\/index.php?rest_route=\/wp\/v2\/pages"}],"about":[{"href":"https:\/\/websis.lv\/index.php?rest_route=\/wp\/v2\/types\/page"}],"author":[{"embeddable":true,"href":"https:\/\/websis.lv\/index.php?rest_route=\/wp\/v2\/users\/1"}],"replies":[{"embeddable":true,"href":"https:\/\/websis.lv\/index.php?rest_route=%2Fwp%2Fv2%2Fcomments&post=56"}],"version-history":[{"count":3,"href":"https:\/\/websis.lv\/index.php?rest_route=\/wp\/v2\/pages\/56\/revisions"}],"predecessor-version":[{"id":90,"href":"https:\/\/websis.lv\/index.php?rest_route=\/wp\/v2\/pages\/56\/revisions\/90"}],"wp:attachment":[{"href":"https:\/\/websis.lv\/index.php?rest_route=%2Fwp%2Fv2%2Fmedia&parent=56"}],"curies":[{"name":"wp","href":"https:\/\/api.w.org\/{rel}","templated":true}]}}